{"id":893,"date":"2023-10-31T16:27:53","date_gmt":"2023-10-31T16:27:53","guid":{"rendered":"https:\/\/diegolaverdeurologia.com\/?page_id=893"},"modified":"2023-10-31T16:54:33","modified_gmt":"2023-10-31T16:54:33","slug":"telefonos-de-contacto","status":"publish","type":"page","link":"https:\/\/diegolaverdeurologia.com\/index.php\/telefonos-de-contacto\/","title":{"rendered":"Tel\u00e9fonos de contacto"},"content":{"rendered":"\t\t<div data-elementor-type=\"wp-page\" data-elementor-id=\"893\" class=\"elementor elementor-893\" data-elementor-post-type=\"page\">\n\t\t\t\t<div class=\"elementor-element elementor-element-7d93c8c e-flex e-con-boxed e-con e-parent\" data-id=\"7d93c8c\" data-element_type=\"container\" data-e-type=\"container\">\n\t\t\t\t\t<div class=\"e-con-inner\">\n\t\t\t\t<div class=\"elementor-element elementor-element-500130c elementor-widget-divider--view-line elementor-widget elementor-widget-divider\" data-id=\"500130c\" data-element_type=\"widget\" data-e-type=\"widget\" data-widget_type=\"divider.default\">\n\t\t\t\t<div class=\"elementor-widget-container\">\n\t\t\t\t\t\t\t<div class=\"elementor-divider\">\n\t\t\t<span class=\"elementor-divider-separator\">\n\t\t\t\t\t\t<\/span>\n\t\t<\/div>\n\t\t\t\t\t\t<\/div>\n\t\t\t\t<\/div>\n\t\t\t\t\t<\/div>\n\t\t\t\t<\/div>\n\t\t<div class=\"elementor-element elementor-element-99cc1ff e-flex e-con-boxed e-con e-parent\" data-id=\"99cc1ff\" data-element_type=\"container\" data-e-type=\"container\">\n\t\t\t\t\t<div class=\"e-con-inner\">\n\t\t<div class=\"elementor-element elementor-element-1d5cf51 e-con-full e-flex e-con e-child\" data-id=\"1d5cf51\" data-element_type=\"container\" data-e-type=\"container\">\n\t\t\t\t<div class=\"elementor-element elementor-element-0d59d51 elementor-widget elementor-widget-heading\" data-id=\"0d59d51\" data-element_type=\"widget\" data-e-type=\"widget\" data-widget_type=\"heading.default\">\n\t\t\t\t<div class=\"elementor-widget-container\">\n\t\t\t\t\t<h2 class=\"elementor-heading-title elementor-size-default\">Hospital San Jos\u00e9<br>C. Padre Cueto, 26, 35008<br>Canteras - Las Palmas<\/h2>\t\t\t\t<\/div>\n\t\t\t\t<\/div>\n\t\t\t\t<\/div>\n\t\t<div class=\"elementor-element elementor-element-e429b5e e-con-full e-flex e-con e-child\" data-id=\"e429b5e\" data-element_type=\"container\" data-e-type=\"container\">\n\t\t\t\t<div class=\"elementor-element elementor-element-ff175c2 elementor-widget__width-initial elementor-widget elementor-widget-text-editor\" data-id=\"ff175c2\" data-element_type=\"widget\" data-e-type=\"widget\" data-widget_type=\"text-editor.default\">\n\t\t\t\t<div class=\"elementor-widget-container\">\n\t\t\t\t\t\t\t\t\t<p><a href=\"tel:+34928263708\">928 26 37 08<\/a><\/p>\t\t\t\t\t\t\t\t<\/div>\n\t\t\t\t<\/div>\n\t\t\t\t<\/div>\n\t\t\t\t\t<\/div>\n\t\t\t\t<\/div>\n\t\t<div class=\"elementor-element elementor-element-22cd94f e-flex e-con-boxed e-con e-parent\" data-id=\"22cd94f\" data-element_type=\"container\" data-e-type=\"container\">\n\t\t\t\t\t<div class=\"e-con-inner\">\n\t\t<div class=\"elementor-element elementor-element-3f2fd28 e-con-full e-flex e-con e-child\" data-id=\"3f2fd28\" data-element_type=\"container\" data-e-type=\"container\">\n\t\t\t\t<div class=\"elementor-element elementor-element-5747447 elementor-widget elementor-widget-heading\" data-id=\"5747447\" data-element_type=\"widget\" data-e-type=\"widget\" data-widget_type=\"heading.default\">\n\t\t\t\t<div class=\"elementor-widget-container\">\n\t\t\t\t\t<h2 class=\"elementor-heading-title elementor-size-default\">Policl\u00ednico Semaic<br>C. Antonio Benitez Galindo, 37, 35250<br>Ingenio<\/h2>\t\t\t\t<\/div>\n\t\t\t\t<\/div>\n\t\t\t\t<\/div>\n\t\t<div class=\"elementor-element elementor-element-721908d e-con-full e-flex e-con e-child\" data-id=\"721908d\" data-element_type=\"container\" data-e-type=\"container\">\n\t\t\t\t<div class=\"elementor-element elementor-element-c7d2afc elementor-widget__width-initial elementor-widget elementor-widget-text-editor\" data-id=\"c7d2afc\" data-element_type=\"widget\" data-e-type=\"widget\" data-widget_type=\"text-editor.default\">\n\t\t\t\t<div class=\"elementor-widget-container\">\n\t\t\t\t\t\t\t\t\t<p><a href=\"tel:+34928783314\">928 78 33 14<\/a><\/p>\t\t\t\t\t\t\t\t<\/div>\n\t\t\t\t<\/div>\n\t\t\t\t<\/div>\n\t\t\t\t\t<\/div>\n\t\t\t\t<\/div>\n\t\t<div class=\"elementor-element elementor-element-f968eb8 e-flex e-con-boxed e-con e-parent\" data-id=\"f968eb8\" data-element_type=\"container\" data-e-type=\"container\">\n\t\t\t\t\t<div class=\"e-con-inner\">\n\t\t<div class=\"elementor-element elementor-element-3cbf329 e-con-full e-flex e-con e-child\" data-id=\"3cbf329\" data-element_type=\"container\" data-e-type=\"container\">\n\t\t\t\t<div class=\"elementor-element elementor-element-105837a elementor-widget elementor-widget-heading\" data-id=\"105837a\" data-element_type=\"widget\" data-e-type=\"widget\" data-widget_type=\"heading.default\">\n\t\t\t\t<div class=\"elementor-widget-container\">\n\t\t\t\t\t<h2 class=\"elementor-heading-title elementor-size-default\">Centro M\u00e9dico Tres Ramblas<br>C. Archivero Joaqu\u00edn Blanco Montesdeoca, 3, 35010<br>Siete Palmas - Las Palmas<\/h2>\t\t\t\t<\/div>\n\t\t\t\t<\/div>\n\t\t\t\t<\/div>\n\t\t<div class=\"elementor-element elementor-element-311d083 e-con-full e-flex e-con e-child\" data-id=\"311d083\" data-element_type=\"container\" data-e-type=\"container\">\n\t\t\t\t<div class=\"elementor-element elementor-element-6af0d69 elementor-widget__width-initial elementor-widget elementor-widget-text-editor\" data-id=\"6af0d69\" data-element_type=\"widget\" data-e-type=\"widget\" data-widget_type=\"text-editor.default\">\n\t\t\t\t<div class=\"elementor-widget-container\">\n\t\t\t\t\t\t\t\t\t<p><a href=\"tel:+34928482179\">928 48 21 79<\/a><\/p>\t\t\t\t\t\t\t\t<\/div>\n\t\t\t\t<\/div>\n\t\t\t\t<\/div>\n\t\t\t\t\t<\/div>\n\t\t\t\t<\/div>\n\t\t\t\t<\/div>\n\t\t","protected":false},"excerpt":{"rendered":"<p>Hospital San Jos\u00e9C. Padre Cueto, 26, 35008Canteras &#8211; Las Palmas 928 26 37 08 Policl\u00ednico SemaicC. Antonio Benitez Galindo, 37, 35250Ingenio 928 78 33 14 Centro M\u00e9dico Tres RamblasC. Archivero Joaqu\u00edn Blanco Montesdeoca, 3, 35010Siete Palmas &#8211; Las Palmas 928 48 21 79<\/p>\n","protected":false},"author":1,"featured_media":0,"parent":0,"menu_order":0,"comment_status":"closed","ping_status":"closed","template":"","meta":{"_kadence_starter_templates_imported_post":false,"footnotes":""},"class_list":["post-893","page","type-page","status-publish","hentry"],"yoast_head":"<!-- This site is optimized with the Yoast SEO plugin v27.5 - https:\/\/yoast.com\/product\/yoast-seo-wordpress\/ -->\n<title>Tel\u00e9fonos de contacto - Diego Laverde Ur\u00f3logo<\/title>\n<meta name=\"robots\" content=\"index, follow, max-snippet:-1, max-image-preview:large, max-video-preview:-1\" \/>\n<link rel=\"canonical\" href=\"https:\/\/diegolaverdeurologia.com\/index.php\/telefonos-de-contacto\/\" \/>\n<meta property=\"og:locale\" content=\"es_ES\" \/>\n<meta property=\"og:type\" content=\"article\" \/>\n<meta property=\"og:title\" content=\"Tel\u00e9fonos de contacto - Diego Laverde Ur\u00f3logo\" \/>\n<meta property=\"og:description\" content=\"Hospital San Jos\u00e9C. Padre Cueto, 26, 35008Canteras &#8211; Las Palmas 928 26 37 08 Policl\u00ednico SemaicC. Antonio Benitez Galindo, 37, 35250Ingenio 928 78 33 14 Centro M\u00e9dico Tres RamblasC. Archivero Joaqu\u00edn Blanco Montesdeoca, 3, 35010Siete Palmas &#8211; Las Palmas 928 48 21 79\" \/>\n<meta property=\"og:url\" content=\"https:\/\/diegolaverdeurologia.com\/index.php\/telefonos-de-contacto\/\" \/>\n<meta property=\"og:site_name\" content=\"Diego Laverde Ur\u00f3logo\" \/>\n<meta property=\"article:modified_time\" content=\"2023-10-31T16:54:33+00:00\" \/>\n<meta name=\"twitter:card\" content=\"summary_large_image\" \/>\n<script type=\"application\/ld+json\" class=\"yoast-schema-graph\">{\"@context\":\"https:\\\/\\\/schema.org\",\"@graph\":[{\"@type\":\"WebPage\",\"@id\":\"https:\\\/\\\/diegolaverdeurologia.com\\\/index.php\\\/telefonos-de-contacto\\\/\",\"url\":\"https:\\\/\\\/diegolaverdeurologia.com\\\/index.php\\\/telefonos-de-contacto\\\/\",\"name\":\"Tel\u00e9fonos de contacto - Diego Laverde Ur\u00f3logo\",\"isPartOf\":{\"@id\":\"https:\\\/\\\/diegolaverdeurologia.com\\\/#website\"},\"datePublished\":\"2023-10-31T16:27:53+00:00\",\"dateModified\":\"2023-10-31T16:54:33+00:00\",\"breadcrumb\":{\"@id\":\"https:\\\/\\\/diegolaverdeurologia.com\\\/index.php\\\/telefonos-de-contacto\\\/#breadcrumb\"},\"inLanguage\":\"es\",\"potentialAction\":[{\"@type\":\"ReadAction\",\"target\":[\"https:\\\/\\\/diegolaverdeurologia.com\\\/index.php\\\/telefonos-de-contacto\\\/\"]}]},{\"@type\":\"BreadcrumbList\",\"@id\":\"https:\\\/\\\/diegolaverdeurologia.com\\\/index.php\\\/telefonos-de-contacto\\\/#breadcrumb\",\"itemListElement\":[{\"@type\":\"ListItem\",\"position\":1,\"name\":\"Portada\",\"item\":\"https:\\\/\\\/diegolaverdeurologia.com\\\/\"},{\"@type\":\"ListItem\",\"position\":2,\"name\":\"Tel\u00e9fonos de contacto\"}]},{\"@type\":\"WebSite\",\"@id\":\"https:\\\/\\\/diegolaverdeurologia.com\\\/#website\",\"url\":\"https:\\\/\\\/diegolaverdeurologia.com\\\/\",\"name\":\"Dr. Diego Laverde Ur\u00f3logo\",\"description\":\"\",\"publisher\":{\"@id\":\"https:\\\/\\\/diegolaverdeurologia.com\\\/#\\\/schema\\\/person\\\/9dea2301913fa8c6da2ee2af6fa6ce53\"},\"potentialAction\":[{\"@type\":\"SearchAction\",\"target\":{\"@type\":\"EntryPoint\",\"urlTemplate\":\"https:\\\/\\\/diegolaverdeurologia.com\\\/?s={search_term_string}\"},\"query-input\":{\"@type\":\"PropertyValueSpecification\",\"valueRequired\":true,\"valueName\":\"search_term_string\"}}],\"inLanguage\":\"es\"},{\"@type\":[\"Person\",\"Organization\"],\"@id\":\"https:\\\/\\\/diegolaverdeurologia.com\\\/#\\\/schema\\\/person\\\/9dea2301913fa8c6da2ee2af6fa6ce53\",\"name\":\"admin\",\"image\":{\"@type\":\"ImageObject\",\"inLanguage\":\"es\",\"@id\":\"https:\\\/\\\/diegolaverdeurologia.com\\\/wp-content\\\/uploads\\\/2023\\\/09\\\/Sacha-Dubois-1.png\",\"url\":\"https:\\\/\\\/diegolaverdeurologia.com\\\/wp-content\\\/uploads\\\/2023\\\/09\\\/Sacha-Dubois-1.png\",\"contentUrl\":\"https:\\\/\\\/diegolaverdeurologia.com\\\/wp-content\\\/uploads\\\/2023\\\/09\\\/Sacha-Dubois-1.png\",\"width\":500,\"height\":500,\"caption\":\"admin\"},\"logo\":{\"@id\":\"https:\\\/\\\/diegolaverdeurologia.com\\\/wp-content\\\/uploads\\\/2023\\\/09\\\/Sacha-Dubois-1.png\"},\"sameAs\":[\"http:\\\/\\\/diegolaverdeurologia.com\"]}]}<\/script>\n<!-- \/ Yoast SEO plugin. -->","yoast_head_json":{"title":"Tel\u00e9fonos de contacto - Diego Laverde Ur\u00f3logo","robots":{"index":"index","follow":"follow","max-snippet":"max-snippet:-1","max-image-preview":"max-image-preview:large","max-video-preview":"max-video-preview:-1"},"canonical":"https:\/\/diegolaverdeurologia.com\/index.php\/telefonos-de-contacto\/","og_locale":"es_ES","og_type":"article","og_title":"Tel\u00e9fonos de contacto - Diego Laverde Ur\u00f3logo","og_description":"Hospital San Jos\u00e9C. Padre Cueto, 26, 35008Canteras &#8211; Las Palmas 928 26 37 08 Policl\u00ednico SemaicC. Antonio Benitez Galindo, 37, 35250Ingenio 928 78 33 14 Centro M\u00e9dico Tres RamblasC. Archivero Joaqu\u00edn Blanco Montesdeoca, 3, 35010Siete Palmas &#8211; Las Palmas 928 48 21 79","og_url":"https:\/\/diegolaverdeurologia.com\/index.php\/telefonos-de-contacto\/","og_site_name":"Diego Laverde Ur\u00f3logo","article_modified_time":"2023-10-31T16:54:33+00:00","twitter_card":"summary_large_image","schema":{"@context":"https:\/\/schema.org","@graph":[{"@type":"WebPage","@id":"https:\/\/diegolaverdeurologia.com\/index.php\/telefonos-de-contacto\/","url":"https:\/\/diegolaverdeurologia.com\/index.php\/telefonos-de-contacto\/","name":"Tel\u00e9fonos de contacto - Diego Laverde Ur\u00f3logo","isPartOf":{"@id":"https:\/\/diegolaverdeurologia.com\/#website"},"datePublished":"2023-10-31T16:27:53+00:00","dateModified":"2023-10-31T16:54:33+00:00","breadcrumb":{"@id":"https:\/\/diegolaverdeurologia.com\/index.php\/telefonos-de-contacto\/#breadcrumb"},"inLanguage":"es","potentialAction":[{"@type":"ReadAction","target":["https:\/\/diegolaverdeurologia.com\/index.php\/telefonos-de-contacto\/"]}]},{"@type":"BreadcrumbList","@id":"https:\/\/diegolaverdeurologia.com\/index.php\/telefonos-de-contacto\/#breadcrumb","itemListElement":[{"@type":"ListItem","position":1,"name":"Portada","item":"https:\/\/diegolaverdeurologia.com\/"},{"@type":"ListItem","position":2,"name":"Tel\u00e9fonos de contacto"}]},{"@type":"WebSite","@id":"https:\/\/diegolaverdeurologia.com\/#website","url":"https:\/\/diegolaverdeurologia.com\/","name":"Dr. Diego Laverde Ur\u00f3logo","description":"","publisher":{"@id":"https:\/\/diegolaverdeurologia.com\/#\/schema\/person\/9dea2301913fa8c6da2ee2af6fa6ce53"},"potentialAction":[{"@type":"SearchAction","target":{"@type":"EntryPoint","urlTemplate":"https:\/\/diegolaverdeurologia.com\/?s={search_term_string}"},"query-input":{"@type":"PropertyValueSpecification","valueRequired":true,"valueName":"search_term_string"}}],"inLanguage":"es"},{"@type":["Person","Organization"],"@id":"https:\/\/diegolaverdeurologia.com\/#\/schema\/person\/9dea2301913fa8c6da2ee2af6fa6ce53","name":"admin","image":{"@type":"ImageObject","inLanguage":"es","@id":"https:\/\/diegolaverdeurologia.com\/wp-content\/uploads\/2023\/09\/Sacha-Dubois-1.png","url":"https:\/\/diegolaverdeurologia.com\/wp-content\/uploads\/2023\/09\/Sacha-Dubois-1.png","contentUrl":"https:\/\/diegolaverdeurologia.com\/wp-content\/uploads\/2023\/09\/Sacha-Dubois-1.png","width":500,"height":500,"caption":"admin"},"logo":{"@id":"https:\/\/diegolaverdeurologia.com\/wp-content\/uploads\/2023\/09\/Sacha-Dubois-1.png"},"sameAs":["http:\/\/diegolaverdeurologia.com"]}]}},"_links":{"self":[{"href":"https:\/\/diegolaverdeurologia.com\/index.php\/wp-json\/wp\/v2\/pages\/893","targetHints":{"allow":["GET"]}}],"collection":[{"href":"https:\/\/diegolaverdeurologia.com\/index.php\/wp-json\/wp\/v2\/pages"}],"about":[{"href":"https:\/\/diegolaverdeurologia.com\/index.php\/wp-json\/wp\/v2\/types\/page"}],"author":[{"embeddable":true,"href":"https:\/\/diegolaverdeurologia.com\/index.php\/wp-json\/wp\/v2\/users\/1"}],"replies":[{"embeddable":true,"href":"https:\/\/diegolaverdeurologia.com\/index.php\/wp-json\/wp\/v2\/comments?post=893"}],"version-history":[{"count":19,"href":"https:\/\/diegolaverdeurologia.com\/index.php\/wp-json\/wp\/v2\/pages\/893\/revisions"}],"predecessor-version":[{"id":915,"href":"https:\/\/diegolaverdeurologia.com\/index.php\/wp-json\/wp\/v2\/pages\/893\/revisions\/915"}],"wp:attachment":[{"href":"https:\/\/diegolaverdeurologia.com\/index.php\/wp-json\/wp\/v2\/media?parent=893"}],"curies":[{"name":"wp","href":"https:\/\/api.w.org\/{rel}","templated":true}]}}