{"id":683,"date":"2023-10-25T10:41:00","date_gmt":"2023-10-25T10:41:00","guid":{"rendered":"https:\/\/diegolaverdeurologia.com\/?page_id=683"},"modified":"2023-10-29T10:26:20","modified_gmt":"2023-10-29T10:26:20","slug":"cirugia-del-sistema-reproductivo-masculino","status":"publish","type":"page","link":"https:\/\/diegolaverdeurologia.com\/index.php\/cirugia-del-sistema-reproductivo-masculino\/","title":{"rendered":"Cirug\u00eda del Sistema Reproductivo Masculino"},"content":{"rendered":"\n<p><\/p>\n\n\n\n<p>Realizo diferentes intervenciones quir\u00fargicas o m\u00e9dicas que involucran el sistema reproductivo masculino:<\/p>\n\n\n\n<ol class=\"wp-block-list\">\n<li><strong>Hidrocele:<\/strong>\n<ul class=\"wp-block-list\">\n<li><strong>Tipo de procedimiento:<\/strong> Cirug\u00eda.<\/li>\n\n\n\n<li><strong>Descripci\u00f3n:<\/strong> Un hidrocele implica la acumulaci\u00f3n de l\u00edquido alrededor de un test\u00edculo, causando hinchaz\u00f3n en el escroto. La cirug\u00eda puede ser necesaria para drenar el l\u00edquido acumulado o para eliminar la membrana que est\u00e1 permitiendo la acumulaci\u00f3n de l\u00edquido.<\/li>\n<\/ul>\n<\/li>\n\n\n\n<li><strong>Circuncisi\u00f3n:<\/strong>\n<ul class=\"wp-block-list\">\n<li><strong>Tipo de procedimiento:<\/strong> Cirug\u00eda.<\/li>\n\n\n\n<li><strong>Descripci\u00f3n:<\/strong> La circuncisi\u00f3n implica la eliminaci\u00f3n del prepucio, el pliegue de piel que cubre la cabeza del pene. Este procedimiento se realiza por razones m\u00e9dicas, religiosas o culturales en algunos casos.<\/li>\n<\/ul>\n<\/li>\n\n\n\n<li><strong>Frenuloplastia:<\/strong>\n<ul class=\"wp-block-list\">\n<li><strong>Tipo de procedimiento:<\/strong> Cirug\u00eda.<\/li>\n\n\n\n<li><strong>Descripci\u00f3n:<\/strong> La frenuloplastia es una cirug\u00eda que corrige el frenillo del pene, el peque\u00f1o pliegue de piel que conecta el glande con el prepucio. Si el frenillo es demasiado corto o tenso y causa molestias durante la actividad sexual, la frenuloplastia puede ser necesaria para aliviar este problema.<\/li>\n<\/ul>\n<\/li>\n\n\n\n<li><strong>Vasectom\u00eda:<\/strong>\n<ul class=\"wp-block-list\">\n<li><strong>Tipo de procedimiento:<\/strong> Cirug\u00eda ocluyente.<\/li>\n\n\n\n<li><strong>Descripci\u00f3n:<\/strong> La vasectom\u00eda es un procedimiento quir\u00fargico que implica cortar o bloquear los conductos deferentes, los tubos que transportan los espermatozoides desde los test\u00edculos hasta la uretra. Esto impide que los espermatozoides se mezclen con el semen eyaculado, lo que resulta en esterilidad permanente.<\/li>\n<\/ul>\n<\/li>\n<\/ol>\n\n\n\n<p>Adem\u00e1s de electrofulguraci\u00f3n de verrugas genitales y resecci\u00f3n de quistes seb\u00e1ceos escrotales.<\/p>\n\n\n\n<p>Todos estos procedimientos implican la intervenci\u00f3n m\u00e9dica o quir\u00fargica en el sistema reproductivo masculino y deben ser realizados de manera profesional y en un entorno cl\u00ednico adecuado.<\/p>\n","protected":false},"excerpt":{"rendered":"<p>Realizo diferentes intervenciones quir\u00fargicas o m\u00e9dicas que involucran el sistema reproductivo masculino: Adem\u00e1s de electrofulguraci\u00f3n de verrugas genitales y resecci\u00f3n de quistes seb\u00e1ceos escrotales. Todos estos procedimientos implican la intervenci\u00f3n m\u00e9dica o quir\u00fargica en el sistema reproductivo masculino y deben ser realizados de manera profesional y en un entorno cl\u00ednico adecuado.<\/p>\n","protected":false},"author":1,"featured_media":0,"parent":0,"menu_order":0,"comment_status":"closed","ping_status":"closed","template":"","meta":{"_kadence_starter_templates_imported_post":false,"footnotes":""},"class_list":["post-683","page","type-page","status-publish","hentry"],"yoast_head":"<!-- This site is optimized with the Yoast SEO plugin v27.5 - https:\/\/yoast.com\/product\/yoast-seo-wordpress\/ -->\n<title>Cirug\u00eda del Sistema Reproductivo Masculino - Diego Laverde Ur\u00f3logo<\/title>\n<meta name=\"robots\" content=\"index, follow, max-snippet:-1, max-image-preview:large, max-video-preview:-1\" \/>\n<link rel=\"canonical\" href=\"https:\/\/diegolaverdeurologia.com\/index.php\/cirugia-del-sistema-reproductivo-masculino\/\" \/>\n<meta property=\"og:locale\" content=\"es_ES\" \/>\n<meta property=\"og:type\" content=\"article\" \/>\n<meta property=\"og:title\" content=\"Cirug\u00eda del Sistema Reproductivo Masculino - Diego Laverde Ur\u00f3logo\" \/>\n<meta property=\"og:description\" content=\"Realizo diferentes intervenciones quir\u00fargicas o m\u00e9dicas que involucran el sistema reproductivo masculino: Adem\u00e1s de electrofulguraci\u00f3n de verrugas genitales y resecci\u00f3n de quistes seb\u00e1ceos escrotales. Todos estos procedimientos implican la intervenci\u00f3n m\u00e9dica o quir\u00fargica en el sistema reproductivo masculino y deben ser realizados de manera profesional y en un entorno cl\u00ednico adecuado.\" \/>\n<meta property=\"og:url\" content=\"https:\/\/diegolaverdeurologia.com\/index.php\/cirugia-del-sistema-reproductivo-masculino\/\" \/>\n<meta property=\"og:site_name\" content=\"Diego Laverde Ur\u00f3logo\" \/>\n<meta property=\"article:modified_time\" content=\"2023-10-29T10:26:20+00:00\" \/>\n<meta name=\"twitter:card\" content=\"summary_large_image\" \/>\n<meta name=\"twitter:label1\" content=\"Tiempo de lectura\" \/>\n\t<meta name=\"twitter:data1\" content=\"1 minuto\" \/>\n<script type=\"application\/ld+json\" class=\"yoast-schema-graph\">{\"@context\":\"https:\\\/\\\/schema.org\",\"@graph\":[{\"@type\":\"WebPage\",\"@id\":\"https:\\\/\\\/diegolaverdeurologia.com\\\/index.php\\\/cirugia-del-sistema-reproductivo-masculino\\\/\",\"url\":\"https:\\\/\\\/diegolaverdeurologia.com\\\/index.php\\\/cirugia-del-sistema-reproductivo-masculino\\\/\",\"name\":\"Cirug\u00eda del Sistema Reproductivo Masculino - Diego Laverde Ur\u00f3logo\",\"isPartOf\":{\"@id\":\"https:\\\/\\\/diegolaverdeurologia.com\\\/#website\"},\"datePublished\":\"2023-10-25T10:41:00+00:00\",\"dateModified\":\"2023-10-29T10:26:20+00:00\",\"breadcrumb\":{\"@id\":\"https:\\\/\\\/diegolaverdeurologia.com\\\/index.php\\\/cirugia-del-sistema-reproductivo-masculino\\\/#breadcrumb\"},\"inLanguage\":\"es\",\"potentialAction\":[{\"@type\":\"ReadAction\",\"target\":[\"https:\\\/\\\/diegolaverdeurologia.com\\\/index.php\\\/cirugia-del-sistema-reproductivo-masculino\\\/\"]}]},{\"@type\":\"BreadcrumbList\",\"@id\":\"https:\\\/\\\/diegolaverdeurologia.com\\\/index.php\\\/cirugia-del-sistema-reproductivo-masculino\\\/#breadcrumb\",\"itemListElement\":[{\"@type\":\"ListItem\",\"position\":1,\"name\":\"Portada\",\"item\":\"https:\\\/\\\/diegolaverdeurologia.com\\\/\"},{\"@type\":\"ListItem\",\"position\":2,\"name\":\"Cirug\u00eda del Sistema Reproductivo Masculino\"}]},{\"@type\":\"WebSite\",\"@id\":\"https:\\\/\\\/diegolaverdeurologia.com\\\/#website\",\"url\":\"https:\\\/\\\/diegolaverdeurologia.com\\\/\",\"name\":\"Dr. Diego Laverde Ur\u00f3logo\",\"description\":\"\",\"publisher\":{\"@id\":\"https:\\\/\\\/diegolaverdeurologia.com\\\/#\\\/schema\\\/person\\\/9dea2301913fa8c6da2ee2af6fa6ce53\"},\"potentialAction\":[{\"@type\":\"SearchAction\",\"target\":{\"@type\":\"EntryPoint\",\"urlTemplate\":\"https:\\\/\\\/diegolaverdeurologia.com\\\/?s={search_term_string}\"},\"query-input\":{\"@type\":\"PropertyValueSpecification\",\"valueRequired\":true,\"valueName\":\"search_term_string\"}}],\"inLanguage\":\"es\"},{\"@type\":[\"Person\",\"Organization\"],\"@id\":\"https:\\\/\\\/diegolaverdeurologia.com\\\/#\\\/schema\\\/person\\\/9dea2301913fa8c6da2ee2af6fa6ce53\",\"name\":\"admin\",\"image\":{\"@type\":\"ImageObject\",\"inLanguage\":\"es\",\"@id\":\"https:\\\/\\\/diegolaverdeurologia.com\\\/wp-content\\\/uploads\\\/2023\\\/09\\\/Sacha-Dubois-1.png\",\"url\":\"https:\\\/\\\/diegolaverdeurologia.com\\\/wp-content\\\/uploads\\\/2023\\\/09\\\/Sacha-Dubois-1.png\",\"contentUrl\":\"https:\\\/\\\/diegolaverdeurologia.com\\\/wp-content\\\/uploads\\\/2023\\\/09\\\/Sacha-Dubois-1.png\",\"width\":500,\"height\":500,\"caption\":\"admin\"},\"logo\":{\"@id\":\"https:\\\/\\\/diegolaverdeurologia.com\\\/wp-content\\\/uploads\\\/2023\\\/09\\\/Sacha-Dubois-1.png\"},\"sameAs\":[\"http:\\\/\\\/diegolaverdeurologia.com\"]}]}<\/script>\n<!-- \/ Yoast SEO plugin. -->","yoast_head_json":{"title":"Cirug\u00eda del Sistema Reproductivo Masculino - Diego Laverde Ur\u00f3logo","robots":{"index":"index","follow":"follow","max-snippet":"max-snippet:-1","max-image-preview":"max-image-preview:large","max-video-preview":"max-video-preview:-1"},"canonical":"https:\/\/diegolaverdeurologia.com\/index.php\/cirugia-del-sistema-reproductivo-masculino\/","og_locale":"es_ES","og_type":"article","og_title":"Cirug\u00eda del Sistema Reproductivo Masculino - Diego Laverde Ur\u00f3logo","og_description":"Realizo diferentes intervenciones quir\u00fargicas o m\u00e9dicas que involucran el sistema reproductivo masculino: Adem\u00e1s de electrofulguraci\u00f3n de verrugas genitales y resecci\u00f3n de quistes seb\u00e1ceos escrotales. Todos estos procedimientos implican la intervenci\u00f3n m\u00e9dica o quir\u00fargica en el sistema reproductivo masculino y deben ser realizados de manera profesional y en un entorno cl\u00ednico adecuado.","og_url":"https:\/\/diegolaverdeurologia.com\/index.php\/cirugia-del-sistema-reproductivo-masculino\/","og_site_name":"Diego Laverde Ur\u00f3logo","article_modified_time":"2023-10-29T10:26:20+00:00","twitter_card":"summary_large_image","twitter_misc":{"Tiempo de lectura":"1 minuto"},"schema":{"@context":"https:\/\/schema.org","@graph":[{"@type":"WebPage","@id":"https:\/\/diegolaverdeurologia.com\/index.php\/cirugia-del-sistema-reproductivo-masculino\/","url":"https:\/\/diegolaverdeurologia.com\/index.php\/cirugia-del-sistema-reproductivo-masculino\/","name":"Cirug\u00eda del Sistema Reproductivo Masculino - Diego Laverde Ur\u00f3logo","isPartOf":{"@id":"https:\/\/diegolaverdeurologia.com\/#website"},"datePublished":"2023-10-25T10:41:00+00:00","dateModified":"2023-10-29T10:26:20+00:00","breadcrumb":{"@id":"https:\/\/diegolaverdeurologia.com\/index.php\/cirugia-del-sistema-reproductivo-masculino\/#breadcrumb"},"inLanguage":"es","potentialAction":[{"@type":"ReadAction","target":["https:\/\/diegolaverdeurologia.com\/index.php\/cirugia-del-sistema-reproductivo-masculino\/"]}]},{"@type":"BreadcrumbList","@id":"https:\/\/diegolaverdeurologia.com\/index.php\/cirugia-del-sistema-reproductivo-masculino\/#breadcrumb","itemListElement":[{"@type":"ListItem","position":1,"name":"Portada","item":"https:\/\/diegolaverdeurologia.com\/"},{"@type":"ListItem","position":2,"name":"Cirug\u00eda del Sistema Reproductivo Masculino"}]},{"@type":"WebSite","@id":"https:\/\/diegolaverdeurologia.com\/#website","url":"https:\/\/diegolaverdeurologia.com\/","name":"Dr. Diego Laverde Ur\u00f3logo","description":"","publisher":{"@id":"https:\/\/diegolaverdeurologia.com\/#\/schema\/person\/9dea2301913fa8c6da2ee2af6fa6ce53"},"potentialAction":[{"@type":"SearchAction","target":{"@type":"EntryPoint","urlTemplate":"https:\/\/diegolaverdeurologia.com\/?s={search_term_string}"},"query-input":{"@type":"PropertyValueSpecification","valueRequired":true,"valueName":"search_term_string"}}],"inLanguage":"es"},{"@type":["Person","Organization"],"@id":"https:\/\/diegolaverdeurologia.com\/#\/schema\/person\/9dea2301913fa8c6da2ee2af6fa6ce53","name":"admin","image":{"@type":"ImageObject","inLanguage":"es","@id":"https:\/\/diegolaverdeurologia.com\/wp-content\/uploads\/2023\/09\/Sacha-Dubois-1.png","url":"https:\/\/diegolaverdeurologia.com\/wp-content\/uploads\/2023\/09\/Sacha-Dubois-1.png","contentUrl":"https:\/\/diegolaverdeurologia.com\/wp-content\/uploads\/2023\/09\/Sacha-Dubois-1.png","width":500,"height":500,"caption":"admin"},"logo":{"@id":"https:\/\/diegolaverdeurologia.com\/wp-content\/uploads\/2023\/09\/Sacha-Dubois-1.png"},"sameAs":["http:\/\/diegolaverdeurologia.com"]}]}},"_links":{"self":[{"href":"https:\/\/diegolaverdeurologia.com\/index.php\/wp-json\/wp\/v2\/pages\/683","targetHints":{"allow":["GET"]}}],"collection":[{"href":"https:\/\/diegolaverdeurologia.com\/index.php\/wp-json\/wp\/v2\/pages"}],"about":[{"href":"https:\/\/diegolaverdeurologia.com\/index.php\/wp-json\/wp\/v2\/types\/page"}],"author":[{"embeddable":true,"href":"https:\/\/diegolaverdeurologia.com\/index.php\/wp-json\/wp\/v2\/users\/1"}],"replies":[{"embeddable":true,"href":"https:\/\/diegolaverdeurologia.com\/index.php\/wp-json\/wp\/v2\/comments?post=683"}],"version-history":[{"count":2,"href":"https:\/\/diegolaverdeurologia.com\/index.php\/wp-json\/wp\/v2\/pages\/683\/revisions"}],"predecessor-version":[{"id":821,"href":"https:\/\/diegolaverdeurologia.com\/index.php\/wp-json\/wp\/v2\/pages\/683\/revisions\/821"}],"wp:attachment":[{"href":"https:\/\/diegolaverdeurologia.com\/index.php\/wp-json\/wp\/v2\/media?parent=683"}],"curies":[{"name":"wp","href":"https:\/\/api.w.org\/{rel}","templated":true}]}}