{"id":607,"date":"2023-10-25T09:13:31","date_gmt":"2023-10-25T09:13:31","guid":{"rendered":"https:\/\/diegolaverdeurologia.com\/?page_id=607"},"modified":"2023-10-29T10:35:59","modified_gmt":"2023-10-29T10:35:59","slug":"ecografia-urologica","status":"publish","type":"page","link":"https:\/\/diegolaverdeurologia.com\/index.php\/ecografia-urologica\/","title":{"rendered":"Ecograf\u00eda Urol\u00f3gica"},"content":{"rendered":"\n<p>La ecograf\u00eda urol\u00f3gica es una herramienta fundamental para un diagn\u00f3stico preciso y un tratamiento efectivo.<\/p>\n\n\n\n<p><strong>\u00bfQu\u00e9 condiciones se pueden evaluar con la ecograf\u00eda urol\u00f3gica?<\/strong><\/p>\n\n\n\n<ul class=\"wp-block-list\">\n<li>Problemas de Pr\u00f3stata<\/li>\n\n\n\n<li>C\u00e1lculos Renales<\/li>\n\n\n\n<li>Tumores Urol\u00f3gicos<\/li>\n\n\n\n<li>Infecciones del Tracto Urinario<\/li>\n\n\n\n<li>Anomal\u00edas del Ri\u00f1\u00f3n y la Vejiga<\/li>\n\n\n\n<li>Y M\u00e1s&#8230;<\/li>\n<\/ul>\n\n\n\n<p><\/p>\n\n\n\n<p>\u00a1Tu salud urol\u00f3gica es nuestra prioridad! Programa una cita para ecograf\u00eda o para obtener m\u00e1s informaci\u00f3n sobre los servicios.<\/p>\n\n\n\n<p><\/p>\n\n\n\n<p><\/p>\n","protected":false},"excerpt":{"rendered":"<p>La ecograf\u00eda urol\u00f3gica es una herramienta fundamental para un diagn\u00f3stico preciso y un tratamiento efectivo. \u00bfQu\u00e9 condiciones se pueden evaluar con la ecograf\u00eda urol\u00f3gica? \u00a1Tu salud urol\u00f3gica es nuestra prioridad! Programa una cita para ecograf\u00eda o para obtener m\u00e1s informaci\u00f3n sobre los servicios.<\/p>\n","protected":false},"author":1,"featured_media":0,"parent":0,"menu_order":0,"comment_status":"closed","ping_status":"closed","template":"","meta":{"_kadence_starter_templates_imported_post":false,"footnotes":""},"class_list":["post-607","page","type-page","status-publish","hentry"],"yoast_head":"<!-- This site is optimized with the Yoast SEO plugin v27.5 - https:\/\/yoast.com\/product\/yoast-seo-wordpress\/ -->\n<title>Ecograf\u00eda Urol\u00f3gica - Diego Laverde Ur\u00f3logo<\/title>\n<meta name=\"robots\" content=\"index, follow, max-snippet:-1, max-image-preview:large, max-video-preview:-1\" \/>\n<link rel=\"canonical\" href=\"https:\/\/diegolaverdeurologia.com\/index.php\/ecografia-urologica\/\" \/>\n<meta property=\"og:locale\" content=\"es_ES\" \/>\n<meta property=\"og:type\" content=\"article\" \/>\n<meta property=\"og:title\" content=\"Ecograf\u00eda Urol\u00f3gica - Diego Laverde Ur\u00f3logo\" \/>\n<meta property=\"og:description\" content=\"La ecograf\u00eda urol\u00f3gica es una herramienta fundamental para un diagn\u00f3stico preciso y un tratamiento efectivo. \u00bfQu\u00e9 condiciones se pueden evaluar con la ecograf\u00eda urol\u00f3gica? \u00a1Tu salud urol\u00f3gica es nuestra prioridad! Programa una cita para ecograf\u00eda o para obtener m\u00e1s informaci\u00f3n sobre los servicios.\" \/>\n<meta property=\"og:url\" content=\"https:\/\/diegolaverdeurologia.com\/index.php\/ecografia-urologica\/\" \/>\n<meta property=\"og:site_name\" content=\"Diego Laverde Ur\u00f3logo\" \/>\n<meta property=\"article:modified_time\" content=\"2023-10-29T10:35:59+00:00\" \/>\n<meta name=\"twitter:card\" content=\"summary_large_image\" \/>\n<script type=\"application\/ld+json\" class=\"yoast-schema-graph\">{\"@context\":\"https:\\\/\\\/schema.org\",\"@graph\":[{\"@type\":\"WebPage\",\"@id\":\"https:\\\/\\\/diegolaverdeurologia.com\\\/index.php\\\/ecografia-urologica\\\/\",\"url\":\"https:\\\/\\\/diegolaverdeurologia.com\\\/index.php\\\/ecografia-urologica\\\/\",\"name\":\"Ecograf\u00eda Urol\u00f3gica - Diego Laverde Ur\u00f3logo\",\"isPartOf\":{\"@id\":\"https:\\\/\\\/diegolaverdeurologia.com\\\/#website\"},\"datePublished\":\"2023-10-25T09:13:31+00:00\",\"dateModified\":\"2023-10-29T10:35:59+00:00\",\"breadcrumb\":{\"@id\":\"https:\\\/\\\/diegolaverdeurologia.com\\\/index.php\\\/ecografia-urologica\\\/#breadcrumb\"},\"inLanguage\":\"es\",\"potentialAction\":[{\"@type\":\"ReadAction\",\"target\":[\"https:\\\/\\\/diegolaverdeurologia.com\\\/index.php\\\/ecografia-urologica\\\/\"]}]},{\"@type\":\"BreadcrumbList\",\"@id\":\"https:\\\/\\\/diegolaverdeurologia.com\\\/index.php\\\/ecografia-urologica\\\/#breadcrumb\",\"itemListElement\":[{\"@type\":\"ListItem\",\"position\":1,\"name\":\"Portada\",\"item\":\"https:\\\/\\\/diegolaverdeurologia.com\\\/\"},{\"@type\":\"ListItem\",\"position\":2,\"name\":\"Ecograf\u00eda Urol\u00f3gica\"}]},{\"@type\":\"WebSite\",\"@id\":\"https:\\\/\\\/diegolaverdeurologia.com\\\/#website\",\"url\":\"https:\\\/\\\/diegolaverdeurologia.com\\\/\",\"name\":\"Dr. Diego Laverde Ur\u00f3logo\",\"description\":\"\",\"publisher\":{\"@id\":\"https:\\\/\\\/diegolaverdeurologia.com\\\/#\\\/schema\\\/person\\\/9dea2301913fa8c6da2ee2af6fa6ce53\"},\"potentialAction\":[{\"@type\":\"SearchAction\",\"target\":{\"@type\":\"EntryPoint\",\"urlTemplate\":\"https:\\\/\\\/diegolaverdeurologia.com\\\/?s={search_term_string}\"},\"query-input\":{\"@type\":\"PropertyValueSpecification\",\"valueRequired\":true,\"valueName\":\"search_term_string\"}}],\"inLanguage\":\"es\"},{\"@type\":[\"Person\",\"Organization\"],\"@id\":\"https:\\\/\\\/diegolaverdeurologia.com\\\/#\\\/schema\\\/person\\\/9dea2301913fa8c6da2ee2af6fa6ce53\",\"name\":\"admin\",\"image\":{\"@type\":\"ImageObject\",\"inLanguage\":\"es\",\"@id\":\"https:\\\/\\\/diegolaverdeurologia.com\\\/wp-content\\\/uploads\\\/2023\\\/09\\\/Sacha-Dubois-1.png\",\"url\":\"https:\\\/\\\/diegolaverdeurologia.com\\\/wp-content\\\/uploads\\\/2023\\\/09\\\/Sacha-Dubois-1.png\",\"contentUrl\":\"https:\\\/\\\/diegolaverdeurologia.com\\\/wp-content\\\/uploads\\\/2023\\\/09\\\/Sacha-Dubois-1.png\",\"width\":500,\"height\":500,\"caption\":\"admin\"},\"logo\":{\"@id\":\"https:\\\/\\\/diegolaverdeurologia.com\\\/wp-content\\\/uploads\\\/2023\\\/09\\\/Sacha-Dubois-1.png\"},\"sameAs\":[\"http:\\\/\\\/diegolaverdeurologia.com\"]}]}<\/script>\n<!-- \/ Yoast SEO plugin. -->","yoast_head_json":{"title":"Ecograf\u00eda Urol\u00f3gica - Diego Laverde Ur\u00f3logo","robots":{"index":"index","follow":"follow","max-snippet":"max-snippet:-1","max-image-preview":"max-image-preview:large","max-video-preview":"max-video-preview:-1"},"canonical":"https:\/\/diegolaverdeurologia.com\/index.php\/ecografia-urologica\/","og_locale":"es_ES","og_type":"article","og_title":"Ecograf\u00eda Urol\u00f3gica - Diego Laverde Ur\u00f3logo","og_description":"La ecograf\u00eda urol\u00f3gica es una herramienta fundamental para un diagn\u00f3stico preciso y un tratamiento efectivo. \u00bfQu\u00e9 condiciones se pueden evaluar con la ecograf\u00eda urol\u00f3gica? \u00a1Tu salud urol\u00f3gica es nuestra prioridad! Programa una cita para ecograf\u00eda o para obtener m\u00e1s informaci\u00f3n sobre los servicios.","og_url":"https:\/\/diegolaverdeurologia.com\/index.php\/ecografia-urologica\/","og_site_name":"Diego Laverde Ur\u00f3logo","article_modified_time":"2023-10-29T10:35:59+00:00","twitter_card":"summary_large_image","schema":{"@context":"https:\/\/schema.org","@graph":[{"@type":"WebPage","@id":"https:\/\/diegolaverdeurologia.com\/index.php\/ecografia-urologica\/","url":"https:\/\/diegolaverdeurologia.com\/index.php\/ecografia-urologica\/","name":"Ecograf\u00eda Urol\u00f3gica - Diego Laverde Ur\u00f3logo","isPartOf":{"@id":"https:\/\/diegolaverdeurologia.com\/#website"},"datePublished":"2023-10-25T09:13:31+00:00","dateModified":"2023-10-29T10:35:59+00:00","breadcrumb":{"@id":"https:\/\/diegolaverdeurologia.com\/index.php\/ecografia-urologica\/#breadcrumb"},"inLanguage":"es","potentialAction":[{"@type":"ReadAction","target":["https:\/\/diegolaverdeurologia.com\/index.php\/ecografia-urologica\/"]}]},{"@type":"BreadcrumbList","@id":"https:\/\/diegolaverdeurologia.com\/index.php\/ecografia-urologica\/#breadcrumb","itemListElement":[{"@type":"ListItem","position":1,"name":"Portada","item":"https:\/\/diegolaverdeurologia.com\/"},{"@type":"ListItem","position":2,"name":"Ecograf\u00eda Urol\u00f3gica"}]},{"@type":"WebSite","@id":"https:\/\/diegolaverdeurologia.com\/#website","url":"https:\/\/diegolaverdeurologia.com\/","name":"Dr. Diego Laverde Ur\u00f3logo","description":"","publisher":{"@id":"https:\/\/diegolaverdeurologia.com\/#\/schema\/person\/9dea2301913fa8c6da2ee2af6fa6ce53"},"potentialAction":[{"@type":"SearchAction","target":{"@type":"EntryPoint","urlTemplate":"https:\/\/diegolaverdeurologia.com\/?s={search_term_string}"},"query-input":{"@type":"PropertyValueSpecification","valueRequired":true,"valueName":"search_term_string"}}],"inLanguage":"es"},{"@type":["Person","Organization"],"@id":"https:\/\/diegolaverdeurologia.com\/#\/schema\/person\/9dea2301913fa8c6da2ee2af6fa6ce53","name":"admin","image":{"@type":"ImageObject","inLanguage":"es","@id":"https:\/\/diegolaverdeurologia.com\/wp-content\/uploads\/2023\/09\/Sacha-Dubois-1.png","url":"https:\/\/diegolaverdeurologia.com\/wp-content\/uploads\/2023\/09\/Sacha-Dubois-1.png","contentUrl":"https:\/\/diegolaverdeurologia.com\/wp-content\/uploads\/2023\/09\/Sacha-Dubois-1.png","width":500,"height":500,"caption":"admin"},"logo":{"@id":"https:\/\/diegolaverdeurologia.com\/wp-content\/uploads\/2023\/09\/Sacha-Dubois-1.png"},"sameAs":["http:\/\/diegolaverdeurologia.com"]}]}},"_links":{"self":[{"href":"https:\/\/diegolaverdeurologia.com\/index.php\/wp-json\/wp\/v2\/pages\/607","targetHints":{"allow":["GET"]}}],"collection":[{"href":"https:\/\/diegolaverdeurologia.com\/index.php\/wp-json\/wp\/v2\/pages"}],"about":[{"href":"https:\/\/diegolaverdeurologia.com\/index.php\/wp-json\/wp\/v2\/types\/page"}],"author":[{"embeddable":true,"href":"https:\/\/diegolaverdeurologia.com\/index.php\/wp-json\/wp\/v2\/users\/1"}],"replies":[{"embeddable":true,"href":"https:\/\/diegolaverdeurologia.com\/index.php\/wp-json\/wp\/v2\/comments?post=607"}],"version-history":[{"count":3,"href":"https:\/\/diegolaverdeurologia.com\/index.php\/wp-json\/wp\/v2\/pages\/607\/revisions"}],"predecessor-version":[{"id":825,"href":"https:\/\/diegolaverdeurologia.com\/index.php\/wp-json\/wp\/v2\/pages\/607\/revisions\/825"}],"wp:attachment":[{"href":"https:\/\/diegolaverdeurologia.com\/index.php\/wp-json\/wp\/v2\/media?parent=607"}],"curies":[{"name":"wp","href":"https:\/\/api.w.org\/{rel}","templated":true}]}}