{"id":403,"date":"2023-10-18T11:08:45","date_gmt":"2023-10-18T11:08:45","guid":{"rendered":"https:\/\/diegolaverdeurologia.com\/?page_id=403"},"modified":"2023-10-25T08:53:45","modified_gmt":"2023-10-25T08:53:45","slug":"aviso-legal","status":"publish","type":"page","link":"https:\/\/diegolaverdeurologia.com\/index.php\/aviso-legal\/","title":{"rendered":"AVISO LEGAL"},"content":{"rendered":"\n<p class=\"has-text-align-center\"><strong>AVISO LEGAL Y CONDICIONES DE USO<\/strong><\/p>\n\n\n\n<p class=\"has-text-align-center\">Documento revisado el 19 de Octubre de 2023<\/p>\n\n\n\n<p><strong>Objeto del Aviso Legal<\/strong><\/p>\n\n\n\n<p>El Aviso Legal regula las condiciones, el acceso y la utilizaci\u00f3n del sitio Web, sus contenidos y servicios, de pago o gratuitos puestos a disposici\u00f3n de los Usuarios.<\/p>\n\n\n\n<p><strong>Diego Vladimir Laverde Pati\u00f1o <\/strong>se reserva el derecho de efectuar sin previo aviso las modificaciones que considere oportunas en su sitio Web diegolaverdeurologia.com, pudiendo cambiar, suprimir o a\u00f1adir tanto los contenidos y servicios que se presten a trav\u00e9s de la misma como la forma en la que \u00e9stos aparezcan presentados o localizados en su sitio Web.<\/p>\n\n\n\n<p>Toda persona que acceda a este Sitio Web asume el papel de Usuario, comprometi\u00e9ndose a la observaci\u00f3n y cumplimiento riguroso de las disposiciones aqu\u00ed dispuestas, as\u00ed como a cualquier otra disposici\u00f3n legal que fuera de aplicaci\u00f3n.<\/p>\n\n\n\n<p>El mero acceso a este Sitio Web no supone entablar ning\u00fan tipo de relaci\u00f3n de car\u00e1cter comercial entre <strong>Diego Vladimir Laverde Pati\u00f1o<\/strong><strong> <\/strong>y el Usuario.<\/p>\n\n\n\n<p><\/p>\n\n\n\n<p><strong>Responsable de la web<\/strong><\/p>\n\n\n\n<p>En cumplimiento de la Ley 34\/2002, de 11 de julio, de Servicios de la Sociedad de la Informaci\u00f3n y del Comercio Electr\u00f3nico, se indican los datos de informaci\u00f3n general del Sitio Web diegolaverdeurologia.com :<\/p>\n\n\n\n<ul class=\"wp-block-list\">\n<li>Denominaci\u00f3n social: Diego Vladimir Laverde Pati\u00f1o<\/li>\n\n\n\n<li>NIF\/CIF: 49861748W<\/li>\n\n\n\n<li>Domicilio social: Calle Mar\u00eda Zambrano 52<\/li>\n\n\n\n<li>Actividad social: Servicios Especializados de Urolog\u00eda<\/li>\n<\/ul>\n\n\n\n<p><\/p>\n\n\n\n<p><strong>Finalidad de la web<\/strong><\/p>\n\n\n\n<p>El objeto de este portal es ofrecer un espacio donde puedes conocer mi trabajo, disfrutar de mis contenidos y acceder a informaci\u00f3n espec\u00edfica sobre mi servicios de urolog\u00eda<\/p>\n\n\n\n<p>En concreto:<\/p>\n\n\n\n<ul class=\"wp-block-list\">\n<li>Hiperplasia Benigna de pr\u00f3stata<\/li>\n\n\n\n<li>Litiasis<\/li>\n\n\n\n<li>Ecograf\u00eda Urol\u00f3gica<\/li>\n\n\n\n<li>Biopsia Prost\u00e1tica<\/li>\n\n\n\n<li>C\u00e1ncer de Pr\u00f3stata<\/li>\n\n\n\n<li>Disfunci\u00f3n Er\u00e9ctil<\/li>\n\n\n\n<li>Incontinencia Urinaria<\/li>\n\n\n\n<li>Cirug\u00eda de Genitales Externos<\/li>\n\n\n\n<li>Litotricia Extracorp\u00f3rea<\/li>\n<\/ul>\n\n\n\n<p><\/p>\n\n\n\n<p><strong>Responsabilidad<\/strong><\/p>\n\n\n\n<p><\/p>\n\n\n\n<p>El Prestador no garantiza la continuidad, disponibilidad y utilidad del Sitio Web, ni de los Contenidos o Servicios. El Prestador har\u00e1 todo lo posible por el buen funcionamiento del Sitio Web, sin embargo, no se responsabiliza ni garantiza que el acceso a este Sitio Web no vaya a ser ininterrumpido o que est\u00e9 libre de error.<\/p>\n\n\n\n<p>Tampoco se responsabiliza o garantiza que el contenido o software al que pueda accederse a trav\u00e9s de este Sitio Web, est\u00e9 libre de error o cause un da\u00f1o al sistema inform\u00e1tico (software y hardware) del Usuario. En ning\u00fan caso el Prestador ser\u00e1 responsable por las p\u00e9rdidas, da\u00f1os o perjuicios de cualquier tipo que surjan por el acceso, navegaci\u00f3n y el uso del Sitio Web, incluy\u00e9ndose, pero no limit\u00e1ndose, a los ocasionados a los sistemas inform\u00e1ticos o los provocados por la introducci\u00f3n de virus.<\/p>\n\n\n\n<p>El Prestador tampoco se hace responsable de los da\u00f1os que pudiesen ocasionarse a los usuarios por un uso inadecuado de este Sitio Web. En particular, no se hace responsable en modo alguno de las ca\u00eddas, interrupciones, falta o defecto de las telecomunicaciones que pudieran ocurrir.<\/p>\n\n\n\n<p>El Sitio Web est\u00e1 dirigido principalmente a Usuarios residentes en Espa\u00f1a. El Prestador no asegura que el Sitio Web cumpla con legislaciones de otros pa\u00edses, ya sea total o parcialmente. Si el Usuario reside o tiene su domiciliado en otro lugar y decide acceder y\/o navegar en el Sitio Web lo har\u00e1 bajo su propia responsabilidad, deber\u00e1 asegurarse de que tal acceso y navegaci\u00f3n cumple con la legislaci\u00f3n local que le es aplicable, no asumiendo el Prestador responsabilidad alguna que se pueda derivar de dicho acceso.<\/p>\n\n\n\n<p><\/p>\n\n\n\n<p><strong>Protecci\u00f3n de datos<\/strong><\/p>\n\n\n\n<p>De conformidad con lo que establece el Reglamento (UE) 2016\/679 del Parlamento Europeo y del Consejo de 27 de abril de 2016 relativo a la protecci\u00f3n de los datos personales, el Prestador se compromete a adoptar las medidas t\u00e9cnicas y organizativas necesarias, seg\u00fan el nivel de seguridad de los datos recabados, de forma que garanticen la seguridad de los datos de car\u00e1cter personal y eviten su alteraci\u00f3n, p\u00e9rdida, tratamiento o acceso no autorizado.<\/p>\n\n\n\n<p class=\"has-black-color has-white-background-color has-text-color has-background\">Para ampliar informaci\u00f3n, consulta la pol\u00edtica de privacidad de esta web <a href=\"https:\/\/diegolaverdeurologia.com\/index.php\/politica-de-privacidad\/\"><strong>https:\/\/diegolaverdeurologia.com\/index.php\/politica-de-privacidad\/<\/strong><\/a><\/p>\n\n\n\n<p><\/p>\n\n\n\n<p><strong>Propiedad intelectual<\/strong><\/p>\n\n\n\n<p>El Sitio Web, incluyendo a t\u00edtulo enunciativo pero no limitativo su programaci\u00f3n, edici\u00f3n, compilaci\u00f3n y dem\u00e1s elementos necesarios para su funcionamiento, los dise\u00f1os, logotipos, texto y\/o gr\u00e1ficos son propiedad del prestador o en su caso dispone de licencia o autorizaci\u00f3n expresa por parte de los autores. Todos los contenidos del Sitio Web se encuentran debidamente protegidos por la normativa de propiedad intelectual e industrial, as\u00ed como inscritos en los registros p\u00fablicos correspondientes.<\/p>\n\n\n\n<p>Independientemente de la finalidad para la que fueran destinados, la reproducci\u00f3n total o parcial, uso, explotaci\u00f3n, distribuci\u00f3n y comercializaci\u00f3n, requiere en todo caso de la autorizaci\u00f3n escrita previa por parte del Prestador. Cualquier uso no autorizado previamente por parte del Prestador ser\u00e1 considerado un incumplimiento grave de los derechos de propiedad intelectual o industrial del autor.<\/p>\n\n\n\n<p>Los dise\u00f1os, logotipos, texto y\/o gr\u00e1ficos ajenos al prestador y que pudieran aparecer en el sitio web, pertenecen a sus respectivos propietarios, siendo ellos mismos responsables de cualquier posible controversia que pudiera suscitarse respecto a los mismos. En todo caso, el prestador cuenta con la autorizaci\u00f3n expresa y previa por parte de los mismos.<\/p>\n\n\n\n<p>El Prestador autoriza expresamente a que terceros puedan redirigir directamente a los contenidos concretos del sitio web.<\/p>\n\n\n\n<p>El prestador reconoce a favor de sus titulares los correspondientes derechos de propiedad industrial o intelectual, no implicando su sola menci\u00f3n o aparici\u00f3n en el sitio web la existencia de derechos o responsabilidad alguna del prestador sobre los mismos, como tampoco respaldo, patrocinio o recomendaci\u00f3n por parte del mismo.<\/p>\n\n\n\n<p>Para realizar cualquier tipo de observaci\u00f3n respecto a posibles incumplimientos de los derechos de propiedad intelectual o industrial, as\u00ed como sobre cualquiera de los contenidos del sitio web, puede hacerlo a trav\u00e9s del siguiente correo electr\u00f3nico: <a href=\"mailto:info@diegolaverdeurologia.com\"><strong>info@diegolaverdeurologia.com<\/strong><\/a><strong>.&nbsp;<\/strong><\/p>\n\n\n\n<p><strong>Pol\u00edtica de enlaces<\/strong><\/p>\n\n\n\n<p>Esta web puede enlazar a contenidos de otros blogs que considere de inter\u00e9s para el tema tratado.<\/p>\n\n\n\n<p>Siempre se enlaza con sitios de confianza y que sean respetuosos con tus derechos como usuario. No obstante, no se puede responder de los resultados que puedas obtener con motivo del acceso a tales sitios enlazados.<\/p>\n\n\n\n<p>Tambi\u00e9n puede incluir enlaces de afiliados de productos recomendados, que no supondr\u00e1n un incremento de su coste.<\/p>\n\n\n\n<p><strong>Duraci\u00f3n y modificaci\u00f3n<\/strong><\/p>\n\n\n\n<p>Este aviso legal podr\u00e1 ser modificado en cualquier momento, atendiendo a la evoluci\u00f3n de esta web y los contenidos en ella ofrecidos.&nbsp;<\/p>\n\n\n\n<p><strong>Legislaci\u00f3n aplicable y Jurisdicci\u00f3n<\/strong><\/p>\n\n\n\n<p>Para la resoluci\u00f3n de todas las controversias o cuestiones relacionadas con el presente sitio web o de las actividades en \u00e9l desarrolladas, ser\u00e1 de aplicaci\u00f3n la legislaci\u00f3n espa\u00f1ola, a la que se someten expresamente las partes, siendo competentes para la resoluci\u00f3n de todos los conflictos derivados o relacionados con su uso los Juzgados y Tribunales de Las Palmas de Gran Canaria.<\/p>\n","protected":false},"excerpt":{"rendered":"<p>AVISO LEGAL Y CONDICIONES DE USO Documento revisado el 19 de Octubre de 2023 Objeto del Aviso Legal El Aviso Legal regula las condiciones, el acceso y la utilizaci\u00f3n del sitio Web, sus contenidos y servicios, de pago o gratuitos puestos a disposici\u00f3n de los Usuarios. Diego Vladimir Laverde Pati\u00f1o se reserva el derecho de [&hellip;]<\/p>\n","protected":false},"author":1,"featured_media":0,"parent":0,"menu_order":0,"comment_status":"closed","ping_status":"closed","template":"","meta":{"_kadence_starter_templates_imported_post":false,"footnotes":""},"class_list":["post-403","page","type-page","status-publish","hentry"],"yoast_head":"<!-- This site is optimized with the Yoast SEO plugin v27.5 - https:\/\/yoast.com\/product\/yoast-seo-wordpress\/ -->\n<title>AVISO LEGAL - Diego Laverde Ur\u00f3logo<\/title>\n<meta name=\"robots\" content=\"index, follow, max-snippet:-1, max-image-preview:large, max-video-preview:-1\" \/>\n<link rel=\"canonical\" href=\"https:\/\/diegolaverdeurologia.com\/index.php\/aviso-legal\/\" \/>\n<meta property=\"og:locale\" content=\"es_ES\" \/>\n<meta property=\"og:type\" content=\"article\" \/>\n<meta property=\"og:title\" content=\"AVISO LEGAL - Diego Laverde Ur\u00f3logo\" \/>\n<meta property=\"og:description\" content=\"AVISO LEGAL Y CONDICIONES DE USO Documento revisado el 19 de Octubre de 2023 Objeto del Aviso Legal El Aviso Legal regula las condiciones, el acceso y la utilizaci\u00f3n del sitio Web, sus contenidos y servicios, de pago o gratuitos puestos a disposici\u00f3n de los Usuarios. Diego Vladimir Laverde Pati\u00f1o se reserva el derecho de [&hellip;]\" \/>\n<meta property=\"og:url\" content=\"https:\/\/diegolaverdeurologia.com\/index.php\/aviso-legal\/\" \/>\n<meta property=\"og:site_name\" content=\"Diego Laverde Ur\u00f3logo\" \/>\n<meta property=\"article:modified_time\" content=\"2023-10-25T08:53:45+00:00\" \/>\n<meta name=\"twitter:card\" content=\"summary_large_image\" \/>\n<meta name=\"twitter:label1\" content=\"Tiempo de lectura\" \/>\n\t<meta name=\"twitter:data1\" content=\"6 minutos\" \/>\n<script type=\"application\/ld+json\" class=\"yoast-schema-graph\">{\"@context\":\"https:\\\/\\\/schema.org\",\"@graph\":[{\"@type\":\"WebPage\",\"@id\":\"https:\\\/\\\/diegolaverdeurologia.com\\\/index.php\\\/aviso-legal\\\/\",\"url\":\"https:\\\/\\\/diegolaverdeurologia.com\\\/index.php\\\/aviso-legal\\\/\",\"name\":\"AVISO LEGAL - Diego Laverde Ur\u00f3logo\",\"isPartOf\":{\"@id\":\"https:\\\/\\\/diegolaverdeurologia.com\\\/#website\"},\"datePublished\":\"2023-10-18T11:08:45+00:00\",\"dateModified\":\"2023-10-25T08:53:45+00:00\",\"breadcrumb\":{\"@id\":\"https:\\\/\\\/diegolaverdeurologia.com\\\/index.php\\\/aviso-legal\\\/#breadcrumb\"},\"inLanguage\":\"es\",\"potentialAction\":[{\"@type\":\"ReadAction\",\"target\":[\"https:\\\/\\\/diegolaverdeurologia.com\\\/index.php\\\/aviso-legal\\\/\"]}]},{\"@type\":\"BreadcrumbList\",\"@id\":\"https:\\\/\\\/diegolaverdeurologia.com\\\/index.php\\\/aviso-legal\\\/#breadcrumb\",\"itemListElement\":[{\"@type\":\"ListItem\",\"position\":1,\"name\":\"Portada\",\"item\":\"https:\\\/\\\/diegolaverdeurologia.com\\\/\"},{\"@type\":\"ListItem\",\"position\":2,\"name\":\"AVISO LEGAL\"}]},{\"@type\":\"WebSite\",\"@id\":\"https:\\\/\\\/diegolaverdeurologia.com\\\/#website\",\"url\":\"https:\\\/\\\/diegolaverdeurologia.com\\\/\",\"name\":\"Dr. Diego Laverde Ur\u00f3logo\",\"description\":\"\",\"publisher\":{\"@id\":\"https:\\\/\\\/diegolaverdeurologia.com\\\/#\\\/schema\\\/person\\\/9dea2301913fa8c6da2ee2af6fa6ce53\"},\"potentialAction\":[{\"@type\":\"SearchAction\",\"target\":{\"@type\":\"EntryPoint\",\"urlTemplate\":\"https:\\\/\\\/diegolaverdeurologia.com\\\/?s={search_term_string}\"},\"query-input\":{\"@type\":\"PropertyValueSpecification\",\"valueRequired\":true,\"valueName\":\"search_term_string\"}}],\"inLanguage\":\"es\"},{\"@type\":[\"Person\",\"Organization\"],\"@id\":\"https:\\\/\\\/diegolaverdeurologia.com\\\/#\\\/schema\\\/person\\\/9dea2301913fa8c6da2ee2af6fa6ce53\",\"name\":\"admin\",\"image\":{\"@type\":\"ImageObject\",\"inLanguage\":\"es\",\"@id\":\"https:\\\/\\\/diegolaverdeurologia.com\\\/wp-content\\\/uploads\\\/2023\\\/09\\\/Sacha-Dubois-1.png\",\"url\":\"https:\\\/\\\/diegolaverdeurologia.com\\\/wp-content\\\/uploads\\\/2023\\\/09\\\/Sacha-Dubois-1.png\",\"contentUrl\":\"https:\\\/\\\/diegolaverdeurologia.com\\\/wp-content\\\/uploads\\\/2023\\\/09\\\/Sacha-Dubois-1.png\",\"width\":500,\"height\":500,\"caption\":\"admin\"},\"logo\":{\"@id\":\"https:\\\/\\\/diegolaverdeurologia.com\\\/wp-content\\\/uploads\\\/2023\\\/09\\\/Sacha-Dubois-1.png\"},\"sameAs\":[\"http:\\\/\\\/diegolaverdeurologia.com\"]}]}<\/script>\n<!-- \/ Yoast SEO plugin. -->","yoast_head_json":{"title":"AVISO LEGAL - Diego Laverde Ur\u00f3logo","robots":{"index":"index","follow":"follow","max-snippet":"max-snippet:-1","max-image-preview":"max-image-preview:large","max-video-preview":"max-video-preview:-1"},"canonical":"https:\/\/diegolaverdeurologia.com\/index.php\/aviso-legal\/","og_locale":"es_ES","og_type":"article","og_title":"AVISO LEGAL - Diego Laverde Ur\u00f3logo","og_description":"AVISO LEGAL Y CONDICIONES DE USO Documento revisado el 19 de Octubre de 2023 Objeto del Aviso Legal El Aviso Legal regula las condiciones, el acceso y la utilizaci\u00f3n del sitio Web, sus contenidos y servicios, de pago o gratuitos puestos a disposici\u00f3n de los Usuarios. Diego Vladimir Laverde Pati\u00f1o se reserva el derecho de [&hellip;]","og_url":"https:\/\/diegolaverdeurologia.com\/index.php\/aviso-legal\/","og_site_name":"Diego Laverde Ur\u00f3logo","article_modified_time":"2023-10-25T08:53:45+00:00","twitter_card":"summary_large_image","twitter_misc":{"Tiempo de lectura":"6 minutos"},"schema":{"@context":"https:\/\/schema.org","@graph":[{"@type":"WebPage","@id":"https:\/\/diegolaverdeurologia.com\/index.php\/aviso-legal\/","url":"https:\/\/diegolaverdeurologia.com\/index.php\/aviso-legal\/","name":"AVISO LEGAL - Diego Laverde Ur\u00f3logo","isPartOf":{"@id":"https:\/\/diegolaverdeurologia.com\/#website"},"datePublished":"2023-10-18T11:08:45+00:00","dateModified":"2023-10-25T08:53:45+00:00","breadcrumb":{"@id":"https:\/\/diegolaverdeurologia.com\/index.php\/aviso-legal\/#breadcrumb"},"inLanguage":"es","potentialAction":[{"@type":"ReadAction","target":["https:\/\/diegolaverdeurologia.com\/index.php\/aviso-legal\/"]}]},{"@type":"BreadcrumbList","@id":"https:\/\/diegolaverdeurologia.com\/index.php\/aviso-legal\/#breadcrumb","itemListElement":[{"@type":"ListItem","position":1,"name":"Portada","item":"https:\/\/diegolaverdeurologia.com\/"},{"@type":"ListItem","position":2,"name":"AVISO LEGAL"}]},{"@type":"WebSite","@id":"https:\/\/diegolaverdeurologia.com\/#website","url":"https:\/\/diegolaverdeurologia.com\/","name":"Dr. Diego Laverde Ur\u00f3logo","description":"","publisher":{"@id":"https:\/\/diegolaverdeurologia.com\/#\/schema\/person\/9dea2301913fa8c6da2ee2af6fa6ce53"},"potentialAction":[{"@type":"SearchAction","target":{"@type":"EntryPoint","urlTemplate":"https:\/\/diegolaverdeurologia.com\/?s={search_term_string}"},"query-input":{"@type":"PropertyValueSpecification","valueRequired":true,"valueName":"search_term_string"}}],"inLanguage":"es"},{"@type":["Person","Organization"],"@id":"https:\/\/diegolaverdeurologia.com\/#\/schema\/person\/9dea2301913fa8c6da2ee2af6fa6ce53","name":"admin","image":{"@type":"ImageObject","inLanguage":"es","@id":"https:\/\/diegolaverdeurologia.com\/wp-content\/uploads\/2023\/09\/Sacha-Dubois-1.png","url":"https:\/\/diegolaverdeurologia.com\/wp-content\/uploads\/2023\/09\/Sacha-Dubois-1.png","contentUrl":"https:\/\/diegolaverdeurologia.com\/wp-content\/uploads\/2023\/09\/Sacha-Dubois-1.png","width":500,"height":500,"caption":"admin"},"logo":{"@id":"https:\/\/diegolaverdeurologia.com\/wp-content\/uploads\/2023\/09\/Sacha-Dubois-1.png"},"sameAs":["http:\/\/diegolaverdeurologia.com"]}]}},"_links":{"self":[{"href":"https:\/\/diegolaverdeurologia.com\/index.php\/wp-json\/wp\/v2\/pages\/403","targetHints":{"allow":["GET"]}}],"collection":[{"href":"https:\/\/diegolaverdeurologia.com\/index.php\/wp-json\/wp\/v2\/pages"}],"about":[{"href":"https:\/\/diegolaverdeurologia.com\/index.php\/wp-json\/wp\/v2\/types\/page"}],"author":[{"embeddable":true,"href":"https:\/\/diegolaverdeurologia.com\/index.php\/wp-json\/wp\/v2\/users\/1"}],"replies":[{"embeddable":true,"href":"https:\/\/diegolaverdeurologia.com\/index.php\/wp-json\/wp\/v2\/comments?post=403"}],"version-history":[{"count":4,"href":"https:\/\/diegolaverdeurologia.com\/index.php\/wp-json\/wp\/v2\/pages\/403\/revisions"}],"predecessor-version":[{"id":598,"href":"https:\/\/diegolaverdeurologia.com\/index.php\/wp-json\/wp\/v2\/pages\/403\/revisions\/598"}],"wp:attachment":[{"href":"https:\/\/diegolaverdeurologia.com\/index.php\/wp-json\/wp\/v2\/media?parent=403"}],"curies":[{"name":"wp","href":"https:\/\/api.w.org\/{rel}","templated":true}]}}